{"id":39292,"date":"2016-12-17T19:01:42","date_gmt":"2016-12-17T13:31:42","guid":{"rendered":"https:\/\/www.saralvaastu.com\/sv-hindi\/?page_id=39292"},"modified":"2021-06-28T10:20:53","modified_gmt":"2021-06-28T10:20:53","slug":"vastu-shastra","status":"publish","type":"page","link":"https:\/\/saralvaastu.com\/hindi\/vastu-shastra\/","title":{"rendered":"\u0935\u093e\u0938\u094d\u0924\u0941 \u0936\u093e\u0938\u094d\u0924\u094d\u0930"},"content":{"rendered":"<p>[vc_row el_class=&#8221;container&#8221;][vc_column][vc_row_inner][vc_column_inner][vc_column_text]<\/p>\n<h2>\u0935\u093e\u0938\u094d\u0924\u0941 \u0936\u093e\u0938\u094d\u0930, \u201c\u0938\u094d\u0925\u093e\u092a\u0924\u094d\u092f\u0915\u0932\u093e \u0915\u093e \u0935\u093f\u091c\u094d\u091e\u093e\u0928\u2019\u2019<\/h2>\n<p style=\"text-align: justify;\">\u0935\u093e\u0938\u094d\u0924\u0941 \u0936\u093e\u0938\u094d\u0924\u094d\u0930 \u092f\u0939 \u0935\u093f\u091c\u094d\u091e\u093e\u0928 \u092a\u094d\u0930\u093e\u091a\u0940\u0928 \u092d\u093e\u0930\u0924\u0940\u092f \u0938\u0902\u0938\u094d\u0915\u0943\u0924\u093f \u0926\u094d\u0935\u093e\u0930\u093e \u0939\u091c\u093e\u0930\u094b\u0902 \u0938\u093e\u0932 \u092a\u0939\u0932\u0947 \u092c\u0939\u0941\u0924 \u0935\u093f\u0938\u094d\u0924\u0943\u0924 \u0930\u0942\u092a \u0938\u0947 \u0905\u0927\u094d\u092f\u092f\u0928 \u0915\u093f\u092f\u093e \u0917\u092f\u093e \u0939\u0948 \u0914\u0930 \u090f\u0915 \u092a\u094d\u0930\u092d\u093e\u0935\u0936\u093e\u0932\u0940 \u0935\u0948\u0926\u093f\u0915 \u0935\u093f\u091c\u094d\u091e\u093e\u0928 \u0939\u0948 \u0964 \u0935\u093e\u0938\u094d\u0924\u0941 \u0936\u093e\u0938\u094d\u0924\u094d\u0930 \u0915\u0940 \u0909\u0924\u094d\u092a\u0924\u094d\u0924\u093f \u092e\u093e\u0928\u0935\u0924\u093e \u0915\u0947 \u0915\u0932\u094d\u092f\u093e\u0923 \u0915\u0940 \u092d\u093e\u0935\u0928\u093e \u0924\u0925\u093e \u091c\u0940\u0935\u0928 \u0915\u0947 \u0914\u091a\u093f\u0924\u094d\u092f \u0938\u0947 \u0905\u092d\u093f\u092a\u094d\u0930\u0947\u0930\u093f\u0924 \u0939\u0941\u0906 \u0939\u0948 \u0964 \u092e\u0942\u0932 \u0936\u092c\u094d\u0926 \u0935\u093e\u0938 \u0915\u093e \u092e\u0924\u0932\u092c \u0939\u0948 \u201c\u0906\u0935\u093e\u0938, \u0928\u093f\u0930\u094d\u0935\u093e\u0939 \u0915\u0930\u0928\u093e, \u0920\u0939\u0930 \u091c\u093e\u0928\u093e, \u0928\u093f\u0935\u093e\u0938 \u0915\u0930\u0928\u093e\u2019\u2019. \u0935\u093e\u0938\u094d\u0924\u0941 \u0936\u093e\u0938\u094d\u0924\u094d\u0930 \u092f\u0939 \u0926\u093f\u0936\u093e, \u092c\u094d\u0930\u092e\u094d\u0939\u093e\u0902\u0921\u0940\u092f \u090a\u0930\u094d\u091c\u093e \u0915\u093e \u0935\u093f\u091c\u094d\u091e\u093e\u0928 \u0939\u0948 \u0914\u0930 \u092c\u094d\u0930\u092e\u094d\u0939\u093e\u0902\u0921\u0940\u092f \u090a\u0930\u094d\u091c\u093e \u0915\u093e \u092e\u093e\u0928\u0935\u0940 \u091c\u0940\u0935\u0928 \u092a\u0930 \u0915\u0948\u0938\u0947 \u092a\u094d\u0930\u092d\u093e\u0935 \u092a\u0921\u093c\u0924\u093e \u0939\u0948 \u092f\u0939 \u0938\u094d\u092a\u0937\u094d\u091f \u0915\u0930\u0924\u0940 \u0939\u0948 \u0964 \u0935\u093e\u0938\u094d\u0924\u0941 \u0936\u093e\u0938\u094d\u0930 \u092e\u0928\u0941\u0937\u094d\u092f \u091c\u093e\u0924\u093f \u0915\u094b \u0938\u093f\u0916\u093e\u0924\u0940 \u0939\u0948 \u0915\u093f \u092a\u0930\u093f\u0938\u094d\u0925\u093f\u0924\u093f \u0915\u0947 \u0938\u093e\u0925 \u0938\u093e\u092e\u0902\u091c\u0938\u094d\u092f \u0938\u0947 \u0915\u0948\u0938\u0947 \u0930\u0939\u0924\u0947 \u0939\u0948\u0902 \u0964<\/p>\n<p>\u0918\u0930 \u0939\u094b \u092f\u093e \u0938\u0902\u092f\u0941\u0915\u094d\u0924 \u0915\u093e\u0930\u094d\u092f\u093e\u0932\u092f \u0924\u0925\u093e \u0909\u0926\u094d\u092f\u094b\u0917 \u092f\u093e \u0938\u0902\u0938\u094d\u0925\u093e \u091c\u0948\u0938\u0947 \u0915\u094b\u0908 \u092d\u0940 \u091c\u0917\u0939 \u0939\u094b \u0909\u0938\u0947 8 \u0926\u093f\u0936\u093e\u090f\u0902 \u0939\u094b\u0924\u0940 \u0939\u0948 \u0964 \u091a\u093e\u0930 \u0905\u0928\u0941\u0915\u0942\u0932 \u0926\u093f\u0936\u093e \u0914\u0930 \u091a\u093e\u0930 \u0915\u094b\u0928\u0947 \u0964 \u092a\u094d\u0930\u0924\u094d\u092f\u0947\u0915 \u0926\u093f\u0936\u093e \u0915\u093e \u090f\u0915 \u092e\u0939\u0924\u094d\u0924\u094d\u0935 \u0939\u094b\u0924\u093e \u0939\u0948 \u0964 \u0909\u0926\u093e\u0939\u0930\u0923 \u0915\u0947 \u0932\u093f\u090f, \u092e\u0941\u0916\u094d\u092f \u0926\u094d\u0935\u093e\u0930 \u0915\u093e \u0938\u094d\u0925\u093e\u0928 \u0909\u091a\u093f\u0924 \u0926\u093f\u0936\u093e \u092e\u0947\u0902 \u0939\u094b\u0928\u093e \u092f\u0939 \u0938\u0942\u091a\u093f\u0924 \u0915\u0930\u0924\u093e \u0939\u0948 \u0915\u093f \u0935\u0939\u093e\u0902 \u0930\u0939\u0928\u0947\u0935\u093e\u0932\u0947 \u0905\u0925\u0935\u093e \u0915\u093e\u092e \u0915\u0930\u0928\u0947\u0935\u093e\u0932\u0947 \u0932\u094b\u0917\u094b\u0902 \u092e\u0947\u0902 \u0938\u094d\u0935\u093e\u0938\u094d\u0925\u094d\u092f, \u0938\u0902\u092a\u0924\u094d\u0924\u093f, \u0938\u0902\u0935\u093e\u0926 (\u0930\u093f\u0936\u094d\u0924\u0947) \u0906\u0926\u093f \u0915\u0947 \u0938\u0902\u0926\u0930\u094d\u092d \u092e\u0947\u0902 \u0928\u093f\u0936\u094d\u091a\u093f\u0924 \u092f\u094b\u0917\u094d\u092f\u0924\u093e \u0939\u0948 |.<\/p>\n<h2>\u0926\u093f\u0936\u093e\u090f\u0902<\/h2>\n<p style=\"text-align: justify;\">\u092f\u0939\u093e\u0902 \u0915\u0941\u0932 8 \u0926\u093f\u0936\u093e\u090f\u0902 \u0939\u094b\u0924\u0940 \u0939\u0948 \u0964 \u0939\u0930 \u090f\u0915 \u0915\u093e \u092e\u0927\u094d\u092f\u092c\u093f\u0902\u0926\u0942 45 \u0905\u0902\u0936 \u0938\u0947 \u0905\u0932\u0917 \u0939\u094b\u0924\u093e \u0939\u0948 \u092f\u093e \u0926\u0942\u0938\u0930\u0947 \u0936\u092c\u094d\u0926\u094b\u0902 \u092e\u0947\u0902 \u092a\u094d\u0930\u0924\u094d\u092f\u0947\u0915 \u0926\u093f\u0936\u093e 45 \u0905\u0902\u0936 \u0938\u0947 \u0935\u094d\u092f\u093e\u092a\u094d\u0924 \u0939\u094b\u0924\u0940 \u0939\u0948 \u0964<br \/>\n\u0918\u0921\u093c\u0940 \u0915\u0940 \u0938\u0941\u0908 \u0915\u0940 \u0926\u093f\u0936\u093e \u0938\u0947 \u0926\u093f\u0936\u093e\u0928\u093f\u0930\u094d\u0926\u0947\u0936 \u0928\u0940\u091a\u0947 \u0926\u093f\u090f \u0939\u0948\u0902:<\/p>\n<p>[\/vc_column_text][vc_video link=&#8221;https:\/\/www.youtube.com\/watch?v=1ZTVl8Eft00&#8243;][vc_column_text]<\/p>\n<h3>\u0918\u0921\u093c\u0940 \u0915\u0940 \u0926\u093f\u0936\u093e \u092e\u0947\u0902 \u0928\u093f\u0930\u094d\u0926\u0947\u0936 \u0939\u0948\u0902:<\/h3>\n<h5>1. North &#8211; Uttar\u0101 &#8211; \u0909\u0924\u094d\u0924\u0930<\/h5>\n<h5>2. North East &#8211; Ai\u015b\u0101n\u012b &#8211; \u0910\u0936\u093e\u0928\u0940<\/h5>\n<h5>3. East &#8211; P\u016brv\u0101 &#8211; \u092a\u0942\u0930\u094d\u0935\u093e<\/h5>\n<h5>4. South East &#8211; \u0100gney\u012b &#8211; \u0906\u0917\u094d\u0928\u0947\u092f\u0940<\/h5>\n<h5>5. South &#8211; Dak\u1e63hi\u1e47\u0101 &#8211; \u0926\u0915\u094d\u0937\u093f\u0923\u093e<\/h5>\n<h5>6. South West &#8211; Nair\u1e5b\u1e5bt\u0101 &#8211; \u0928\u0948\u0930\u094d\u0960\u0924\u093e<\/h5>\n<h5>7. West &#8211; Pa\u015bcim\u0101 &#8211; \u092a\u0936\u094d\u091a\u093f\u092e\u093e<\/h5>\n<h5>8. North West &#8211; V\u0101yavy\u0101 &#8211; \u0935\u093e\u092f\u0935\u094d\u092f\u093e<\/h5>\n<p>[\/vc_column_text][vc_column_text]<\/p>\n<h2>\u0926\u093f\u0936\u093e\u0913\u0902 \u0915\u094b \u0916\u094b\u091c\u0928\u0947 \u0915\u0947 \u0932\u093f\u090f \u0926\u093f\u0936\u093e\u0926\u0930\u094d\u0936\u0915 (\u0915\u0902\u092a\u093e\u0938) \u0915\u093e \u0909\u092a\u092f\u094b\u0917 \u0915\u0948\u0938\u0947 \u0915\u0930\u0947\u0902?<\/h2>\n<ul>\n<li>\u0926\u093f\u0936\u093e\u0926\u0930\u094d\u0936\u0915 \u0915\u094b \u0905\u092a\u0928\u0940 \u0939\u0925\u0947\u0932\u0940 \u0915\u0947 \u092e\u0927\u094d\u092f \u092e\u0947\u0902 \u0930\u0916\u0947\u0902 \u091c\u093f\u0938\u0938\u0947 \u0926\u093f\u0936\u093e\u0926\u0930\u094d\u0936\u0915 \u0938\u0940\u0927\u093e \u0930\u0939\u0947\u0917\u093e \u0964<\/li>\n<li>\u0926\u093f\u0936\u093e\u0926\u0930\u094d\u0936\u0915 \u0915\u094b \u0924\u092c \u0924\u0915 \u0918\u0941\u092e\u093e\u0924\u0947 \u0930\u0939\u094b \u091c\u092c \u0924\u0915 \u0932\u093e\u0932 \u0938\u0941\u0908 \u0909\u0924\u094d\u0924\u0930 \u0926\u093f\u0936\u093e \u0915\u0940 \u0913\u0930 \u0907\u0936\u093e\u0930\u093e \u0915\u0930\u0947\u0902 \u0964<\/li>\n<\/ul>\n<p>[\/vc_column_text][\/vc_column_inner][\/vc_row_inner][\/vc_column][\/vc_row]<\/p>\n","protected":false},"excerpt":{"rendered":"<p>[vc_row el_class=&#8221;container&#8221;][vc_column][vc_row_inner][vc_column_inner][vc_column_text] \u0935\u093e\u0938\u094d\u0924\u0941 \u0936\u093e\u0938\u094d\u0930, \u201c\u0938\u094d\u0925\u093e\u092a\u0924\u094d\u092f\u0915\u0932\u093e \u0915\u093e \u0935\u093f\u091c\u094d\u091e\u093e\u0928\u2019\u2019 \u0935\u093e\u0938\u094d\u0924\u0941 \u0936\u093e\u0938\u094d\u0924\u094d\u0930 \u092f\u0939 \u0935\u093f\u091c\u094d\u091e\u093e\u0928 \u092a\u094d\u0930\u093e\u091a\u0940\u0928 \u092d\u093e\u0930\u0924\u0940\u092f \u0938\u0902\u0938\u094d\u0915\u0943\u0924\u093f \u0926\u094d\u0935\u093e\u0930\u093e \u0939\u091c\u093e\u0930\u094b\u0902 \u0938\u093e\u0932 \u092a\u0939\u0932\u0947 \u092c\u0939\u0941\u0924 \u0935\u093f\u0938\u094d\u0924\u0943\u0924 \u0930\u0942\u092a \u0938\u0947 \u0905\u0927\u094d\u092f\u092f\u0928 \u0915\u093f\u092f\u093e \u0917\u092f\u093e \u0939\u0948 \u0914\u0930 \u090f\u0915 \u092a\u094d\u0930\u092d\u093e\u0935\u0936\u093e\u0932\u0940 \u0935\u0948\u0926\u093f\u0915 \u0935\u093f\u091c\u094d\u091e\u093e\u0928 \u0939\u0948 \u0964 \u0935\u093e\u0938\u094d\u0924\u0941 \u0936\u093e\u0938\u094d\u0924\u094d\u0930 \u0915\u0940 \u0909\u0924\u094d\u092a\u0924\u094d\u0924\u093f \u092e\u093e\u0928\u0935\u0924\u093e \u0915\u0947 \u0915\u0932\u094d\u092f\u093e\u0923 \u0915\u0940 \u092d\u093e\u0935\u0928\u093e \u0924\u0925\u093e \u091c\u0940\u0935\u0928 \u0915\u0947 \u0914\u091a\u093f\u0924\u094d\u092f \u0938\u0947 \u0905\u092d\u093f\u092a\u094d\u0930\u0947\u0930\u093f\u0924 \u0939\u0941\u0906 \u0939\u0948 \u0964 \u092e\u0942\u0932 \u0936\u092c\u094d\u0926 \u0935\u093e\u0938 \u0915\u093e [&hellip;]<\/p>\n","protected":false},"author":11,"featured_media":0,"parent":0,"menu_order":0,"comment_status":"closed","ping_status":"closed","template":"","meta":{"_acf_changed":false,"footnotes":""},"class_list":["post-39292","page","type-page","status-publish","hentry"],"acf":[],"_links":{"self":[{"href":"https:\/\/saralvaastu.com\/hindi\/wp-json\/wp\/v2\/pages\/39292","targetHints":{"allow":["GET"]}}],"collection":[{"href":"https:\/\/saralvaastu.com\/hindi\/wp-json\/wp\/v2\/pages"}],"about":[{"href":"https:\/\/saralvaastu.com\/hindi\/wp-json\/wp\/v2\/types\/page"}],"author":[{"embeddable":true,"href":"https:\/\/saralvaastu.com\/hindi\/wp-json\/wp\/v2\/users\/11"}],"replies":[{"embeddable":true,"href":"https:\/\/saralvaastu.com\/hindi\/wp-json\/wp\/v2\/comments?post=39292"}],"version-history":[{"count":2,"href":"https:\/\/saralvaastu.com\/hindi\/wp-json\/wp\/v2\/pages\/39292\/revisions"}],"predecessor-version":[{"id":44867,"href":"https:\/\/saralvaastu.com\/hindi\/wp-json\/wp\/v2\/pages\/39292\/revisions\/44867"}],"wp:attachment":[{"href":"https:\/\/saralvaastu.com\/hindi\/wp-json\/wp\/v2\/media?parent=39292"}],"curies":[{"name":"wp","href":"https:\/\/api.w.org\/{rel}","templated":true}]}}